{"id":15,"date":"2025-09-03T19:02:28","date_gmt":"2025-09-03T19:02:28","guid":{"rendered":"https:\/\/pedagoskamon.ct.ws\/home\/?page_id=15"},"modified":"2025-12-09T10:13:50","modified_gmt":"2025-12-09T09:13:50","slug":"%d0%b4%d0%b8%d1%80%d0%b5%d0%ba%d1%82%d0%be%d1%80","status":"publish","type":"page","link":"http:\/\/pedagoshka.mon.gov.mk\/sq\/%d0%b4%d0%b8%d1%80%d0%b5%d0%ba%d1%82%d0%be%d1%80\/","title":{"rendered":"Drejtori"},"content":{"rendered":"<div data-elementor-type=\"wp-page\" data-elementor-id=\"15\" class=\"elementor elementor-15\">\n\t\t\t\t<div class=\"elementor-element elementor-element-279c9197 e-flex e-con-boxed e-con e-parent\" data-id=\"279c9197\" data-element_type=\"container\">\n\t\t\t\t\t<div class=\"e-con-inner\">\n\t\t\t\t<div class=\"elementor-element elementor-element-6d297477 elementor-widget elementor-widget-text-editor\" data-id=\"6d297477\" data-element_type=\"widget\" data-widget_type=\"text-editor.default\">\n\t\t\t\t<div class=\"elementor-widget-container\">\n\t\t\t\t\t\t\t\t\t\n<p>\u00a0<\/p>\n<p>\u00a0<\/p>\n<p>\u00a0<\/p>\n<p><style>\n    body {\n      font-family: Arial, sans-serif;\n      background: #f5f7fa;\n      margin: 0;\n      padding: 0;\n    }\n    .director-card {\n      width: 100%;\n      background: #fff;\n      display: grid;\n      grid-template-columns: 400px 1fr; \/* \u043f\u043e\u0448\u0438\u0440\u043e\u043a \u043f\u0440\u043e\u0441\u0442\u043e\u0440 \u0437\u0430 \u0441\u043b\u0438\u043a\u0430\u0442\u0430 *\/\n      min-height: 100vh;\n    }\n    .director-photo {\n      background: #eee;\n      display: flex;\n      align-items: center;\n      justify-content: center;\n      overflow: hidden;\n    }\n    .director-photo img {\n      max-width: 100%;\n      height: auto;       \/* \u0430\u0432\u0442\u043e\u043c\u0430\u0442\u0441\u043a\u0430 \u0432\u0438\u0441\u0438\u043d\u0430 *\/\n      object-fit: contain; \/* \u0441\u043b\u0438\u043a\u0430\u0442\u0430 \u0441\u0435 \u0433\u043b\u0435\u0434\u0430 \u0446\u0435\u043b\u0430 *\/\n    }\n    .director-info {\n      padding: 40px;\n    }\n    .director-info h2 {\n      margin: 0;\n      font-size: 30px;\n      color: #2c3e50;\n    }\n    .director-info h3 {\n      margin-top: 5px;\n      font-size: 18px;\n      color: #7f8c8d;\n      font-weight: normal;\n    }\n    .section-title {\n      margin-top: 25px;\n      font-size: 20px;\n      color: #34495e;\n      border-bottom: 2px solid #ecf0f1;\n      padding-bottom: 5px;\n    }\n    .director-info p {\n      margin: 10px 0;\n      font-size: 16px;\n      line-height: 1.7;\n      color: #2c3e50;\n    }\n  <\/style><\/p>\n<div class=\"director-card\">\n<div class=\"director-photo\">\u00a0<\/div>\n<div class=\"director-info\">\n<h2><img fetchpriority=\"high\" decoding=\"async\" class=\"alignnone size-large wp-image-1154\" src=\"http:\/\/pedagoshka.mon.gov.mk\/wp-content\/uploads\/2025\/12\/Image-768x1024.jpeg\" alt=\"\" width=\"768\" height=\"1024\" srcset=\"http:\/\/pedagoshka.mon.gov.mk\/wp-content\/uploads\/2025\/12\/Image-768x1024.jpeg 768w, http:\/\/pedagoshka.mon.gov.mk\/wp-content\/uploads\/2025\/12\/Image-225x300.jpeg 225w, http:\/\/pedagoshka.mon.gov.mk\/wp-content\/uploads\/2025\/12\/Image-1152x1536.jpeg 1152w, http:\/\/pedagoshka.mon.gov.mk\/wp-content\/uploads\/2025\/12\/Image-1536x2048.jpeg 1536w, http:\/\/pedagoshka.mon.gov.mk\/wp-content\/uploads\/2025\/12\/Image-9x12.jpeg 9w, http:\/\/pedagoshka.mon.gov.mk\/wp-content\/uploads\/2025\/12\/Image-scaled.jpeg 1920w\" sizes=\"(max-width: 768px) 100vw, 768px\" \/>Mr. Robert Axhipetrov<\/h2>\n<h3>Drejtor i Sh\u00ebrbimit Pedagogjik<\/h3>\n<p>e-mail: robert.adzipetrov@mon.gov.mk<\/p>\n<div class=\"section-title\">T\u00eb dh\u00ebna personale<\/div>\n<p><strong>R<\/strong> I lindur: 07 Tetor 1990<\/p>\n<p><strong>Statusi familjar<\/strong> : i martuar, baba i dy f\u00ebmij\u00ebve<\/p>\n<p><strong>Arsimimi:<\/strong> Magjist\u00ebr i Ekonomis<\/p>\n<div class=\"section-title\">Biografia<\/div>\n<p>Robert Axhipetrov \u00ebsht\u00eb lindur m\u00eb 07.10.1990 n\u00eb Shtip. Arsimimin e tij e p\u00ebrfundoi n\u00eb Shtip, nd\u00ebrsa n\u00eb vitin 2013 diplomoi n\u00eb Fakultetin Ekonomik n\u00eb Universitetin \u201eGoce Del\u00e7ev\u201c n\u00eb Shtip si i pari i gjenerat\u00ebs. M\u00eb von\u00eb kreu edhe studimet e magjistratur\u00ebs n\u00eb t\u00eb nj\u00ebjtin fakultet dhe fitoi titullin Magjist\u00ebr i Ekonomis\u00eb, drejtimi Financa dhe Banka. Flet gjuh\u00ebn angleze. (IELTS Academic C1).<\/p>\n<p>N\u00eb vitin 2014 pun\u00ebsohet n\u00eb Inspektoratin Shtet\u00ebror t\u00eb Arsimit, ku p\u00ebr nj\u00eb periudh\u00eb prej 3 vitesh punoi n\u00eb Sektorin p\u00ebr mb\u00ebshtetje, nd\u00ebrsa n\u00eb periudh\u00ebn n\u00eb vijim n\u00eb Rajonin Planifikues Lindor deri m\u00eb 07.06.2023.<\/p>\n<p>N\u00eb vitin 2023 pun\u00ebsohet n\u00eb Komun\u00ebn e Shtipit n\u00eb vendin e pun\u00ebs- Udh\u00ebheq\u00ebs i Sektorit p\u00ebr arsim, deri m\u00eb 17.09.2024, kur nga ana e Qeveris\u00eb s\u00eb Republik\u00ebs s\u00eb Maqedonis\u00eb em\u00ebrohet Drejtor iSh\u00ebrbimit Pedagogjik, organ n\u00eb p\u00ebrb\u00ebrje t\u00eb Ministris\u00eb s\u00eb Arsimit dhe Shkenc\u00ebs, nd\u00ebrsa nga data 25.03.2025 edhe si drejtor i k\u00ebtij organi.<\/p>\n<\/div>\n<\/div>\n\t\t\t\t\t\t\t\t<\/div>\n\t\t\t\t<\/div>\n\t\t\t\t\t<\/div>\n\t\t\t\t<\/div>\n\t\t\t\t<\/div>","protected":false},"excerpt":{"rendered":"<p>\u00a0 \u00a0 \u00a0 \u00a0 \u043c-\u0440 \u0420\u043e\u0431\u0435\u0440\u0442 \u0410\u045f\u0438\u043f\u0435\u0442\u0440\u043e\u0432 \u0434\u0438\u0440\u0435\u043a\u0442\u043e\u0440 \u043d\u0430 \u041f\u0435\u0434\u0430\u0433\u043e\u0448\u043a\u0430\u0442\u0430 \u0441\u043b\u0443\u0436\u0431\u0430 e-mail: robert.adzipetrov@mon.gov.mk \u041b\u0438\u0447\u043d\u0438 \u043f\u043e\u0434\u0430\u0442\u043e\u0446\u0438 \u0420\u043e\u0434\u0435\u043d: 07 \u043e\u043a\u0442\u043e\u043c\u0432\u0440\u0438 1990 \u0421\u0442\u0430\u0442\u0443\u0441: \u043e\u0436\u0435\u043d\u0435\u0442, \u0442\u0430\u0442\u043a\u043e \u043d\u0430 \u0434\u0432\u0435 \u0434\u0435\u0446\u0430 \u041e\u0431\u0440\u0430\u0437\u043e\u0432\u0430\u043d\u0438\u0435: \u041c\u0430\u0433\u0438\u0441\u0442\u0435\u0440 \u043f\u043e \u0435\u043a\u043e\u043d\u043e\u043c\u0438\u0458\u0430 \u0411\u0438\u043e\u0433\u0440\u0430\u0444\u0438\u0458\u0430 \u0420\u043e\u0431\u0435\u0440\u0442 \u0410\u045f\u0438\u043f\u0435\u0442\u0440\u043e\u0432 \u0435 \u0440\u043e\u0434\u0435\u043d 07.10.1990 \u0433\u043e\u0434\u0438\u043d\u0430 \u0432\u043e \u0428\u0442\u0438\u043f. \u0426\u0435\u043b\u043e\u043a\u0443\u043f\u043d\u043e\u0442\u043e \u043e\u0431\u0440\u0430\u0437\u043e\u0432\u0430\u043d\u0438\u0435 \u0433\u043e \u0437\u0430\u0432\u0440\u0448\u0443\u0432\u0430 \u0432\u043e \u0428\u0442\u0438\u043f \u0441\u043e \u0442\u043e\u0430 \u0448\u0442\u043e 2013 \u0433\u043e\u0434\u0438\u043d\u0430 \u0434\u0438\u043f\u043b\u043e\u043c\u0438\u0440\u0430 \u043d\u0430 \u0415\u043a\u043e\u043d\u043e\u043c\u0441\u043a\u0438\u043e\u0442 \u0444\u0430\u043a\u0443\u043b\u0442\u0435\u0442 \u043f\u0440\u0438 \u0423\u043d\u0438\u0432\u0435\u0440\u0437\u0438\u0442\u0435\u0442\u043e\u0442 [&hellip;]<\/p>","protected":false},"author":2,"featured_media":0,"parent":0,"menu_order":0,"comment_status":"closed","ping_status":"closed","template":"","meta":{"footnotes":""},"class_list":["post-15","page","type-page","status-publish","hentry"],"_links":{"self":[{"href":"http:\/\/pedagoshka.mon.gov.mk\/sq\/wp-json\/wp\/v2\/pages\/15","targetHints":{"allow":["GET"]}}],"collection":[{"href":"http:\/\/pedagoshka.mon.gov.mk\/sq\/wp-json\/wp\/v2\/pages"}],"about":[{"href":"http:\/\/pedagoshka.mon.gov.mk\/sq\/wp-json\/wp\/v2\/types\/page"}],"author":[{"embeddable":true,"href":"http:\/\/pedagoshka.mon.gov.mk\/sq\/wp-json\/wp\/v2\/users\/2"}],"replies":[{"embeddable":true,"href":"http:\/\/pedagoshka.mon.gov.mk\/sq\/wp-json\/wp\/v2\/comments?post=15"}],"version-history":[{"count":18,"href":"http:\/\/pedagoshka.mon.gov.mk\/sq\/wp-json\/wp\/v2\/pages\/15\/revisions"}],"predecessor-version":[{"id":1161,"href":"http:\/\/pedagoshka.mon.gov.mk\/sq\/wp-json\/wp\/v2\/pages\/15\/revisions\/1161"}],"wp:attachment":[{"href":"http:\/\/pedagoshka.mon.gov.mk\/sq\/wp-json\/wp\/v2\/media?parent=15"}],"curies":[{"name":"wp","href":"https:\/\/api.w.org\/{rel}","templated":true}]}}