{"id":840,"date":"2025-09-03T19:08:22","date_gmt":"2025-09-03T19:08:22","guid":{"rendered":"https:\/\/pedagoskamon.ct.ws\/home\/?page_id=25"},"modified":"2025-09-24T12:06:12","modified_gmt":"2025-09-24T10:06:12","slug":"%d0%bc%d0%b8%d1%81%d0%b8%d1%98%d0%b0-%d0%b2%d0%b8%d0%b7%d0%b8%d1%98%d0%b0","status":"publish","type":"page","link":"http:\/\/pedagoshka.mon.gov.mk\/sq\/%d0%bc%d0%b8%d1%81%d0%b8%d1%98%d0%b0-%d0%b2%d0%b8%d0%b7%d0%b8%d1%98%d0%b0\/","title":{"rendered":"Misioni\/Vizioni"},"content":{"rendered":"<figure class=\"wp-block-image size-full\"><img decoding=\"async\" src=\"https:\/\/pedagoskamon.ct.ws\/home\/wp-content\/uploads\/2025\/09\/image-1.png\" alt=\"\" class=\"wp-image-26\"\/><\/figure>\n\n\n\n<h1 class=\"wp-block-heading\"><a><strong>Misioni<\/strong><\/a>&nbsp;<\/h1>\n\n\n\n<p>Roli i Sh\u00ebrbimit Pedagogjik \u00ebsht\u00eb t\u00eb siguroj\u00eb tekste shkollore cil\u00ebsore si mjet par\u00ebsor m\u00ebsimor n\u00eb koh\u00ebn e duhur, si dhe t\u00eb k\u00ebshilloj\u00eb prind\u00ebrit dhe nx\u00ebn\u00ebsit n\u00eb shkolla. Aktivitetet e Sh\u00ebrbimit Pedagogjik, si organ brenda Ministris\u00eb s\u00eb Arsimit dhe Shkenc\u00ebs, kan\u00eb p\u00ebr q\u00ebllim futjen e standardeve t\u00eb reja, m\u00eb t\u00eb larta dhe evropiane n\u00eb p\u00ebrgatitjen e teksteve shkollore dhe p\u00ebrmir\u00ebsimin e aktivitetit t\u00eb teksteve shkollore n\u00eb Republik\u00ebn e Maqedonis\u00eb s\u00eb Veriut. Duke ndjekur karakterin e shoq\u00ebris\u00eb moderne dixhitale, sh\u00ebrbimi po punon n\u00eb m\u00ebnyr\u00eb aktive drejt p\u00ebrshtatjes s\u00eb teksteve shkollore p\u00ebr nx\u00ebn\u00ebsit me aft\u00ebsi t\u00eb kufizuara, si dhe sigurimit t\u00eb teksteve shkollore elektronike dhe dixhitale. N\u00eb fush\u00ebn e k\u00ebshillimit, zbatimi i praktikave m\u00eb t\u00eb mira evropiane n\u00eb psikologjin\u00eb e f\u00ebmij\u00ebve dhe arsimit dhe zhvillimi i programeve dhe mjeteve m\u00eb moderne p\u00ebr zgjidhjen e problemeve aktuale n\u00eb institucionet arsimore jan\u00eb aktivitetet kryesore t\u00eb organit.<\/p>\n\n\n\n<p>Sistemi arsimor p\u00ebrb\u00ebhet nga dy komponent\u00eb q\u00eb jan\u00eb po aq t\u00eb r\u00ebnd\u00ebsish\u00ebm. Prandaj, p\u00ebrve\u00e7 komponentit arsimor, \u00ebsht\u00eb e nevojshme t\u00eb veprohet n\u00eb drejtim t\u00eb p\u00ebrmir\u00ebsimit t\u00eb cil\u00ebsis\u00eb s\u00eb komponentit arsimor, duke inkurajuar dhe mb\u00ebshtetur masa dhe projekte q\u00eb lidhen me zhvillimin e psikologjis\u00eb arsimore cil\u00ebsore n\u00eb institucionet arsimore.<\/p>\n\n\n\n<p>Misioni i p\u00ebrcaktuar rezulton edhe n\u00eb q\u00ebllimet themelore prioritare t\u00eb Sh\u00ebrbimit Pedagogjik, si m\u00eb posht\u00eb:<\/p>\n\n\n\n<p>\u2013 Sigurimi dhe shp\u00ebrndarja n\u00eb koh\u00eb e teksteve shkollore cil\u00ebsore;<\/p>\n\n\n\n<p>\u2013 Krijimi i nj\u00eb baze t\u00eb dh\u00ebnash cil\u00ebsore t\u00eb recensent\u00ebve;<\/p>\n\n\n\n<p>\u2013 Pun\u00eb aktive p\u00ebr eliminimin e gabimeve dhe p\u00ebrmir\u00ebsimin e p\u00ebrmbajtjes s\u00eb tekstit shkollor;<br>\u043d\u0430 \u0443\u0447\u0435\u0431\u043d\u0438\u043a\u043e\u0442;<\/p>\n\n\n\n<p>\u2013 Tekste shkollore t\u00eb adaptuara p\u00ebr nx\u00ebn\u00ebsit me aft\u00ebsi t\u00eb kufizuara;<\/p>\n\n\n\n<p>\u2013 Prodhimi i teksteve shkollore elektronike dhe dixhitale;<\/p>\n\n\n\n<p>\u2013 Krijimi i nj\u00eb rrjeti ekspert\u00ebsh p\u00ebr k\u00ebshillimin e prind\u00ebrve dhe nx\u00ebn\u00ebsve;<\/p>\n\n\n\n<p>\u2013 Bashk\u00ebpunim aktiv me t\u00eb gjitha institucionet p\u00ebrkat\u00ebse n\u00eb fush\u00ebn e<br>arsimit.<\/p>\n\n\n\n<h1 class=\"wp-block-heading\"><a><strong>Vizioni<\/strong><\/a><\/h1>\n\n\n\n<p>Nj\u00eb sh\u00ebrbim administrativ modern, efikas dhe profesional n\u00eb funksion t\u00eb sigurimit t\u00eb mjetit baz\u00eb m\u00ebsimor - tekstit shkollor, dhe n\u00eb drejtim t\u00eb mbar\u00ebvajtjes s\u00eb procesit arsimor, si dhe zbatimit t\u00eb metodave moderne shkencore dhe profesionale p\u00ebr avancimin e zhvillimit personal, psikologjik, social, kulturor dhe arsimor t\u00eb f\u00ebmij\u00ebve dhe nx\u00ebn\u00ebsve n\u00eb Republik\u00ebn e Maqedonis\u00eb s\u00eb Veriut.<\/p>","protected":false},"excerpt":{"rendered":"<p>\u041c\u0438\u0441\u0438\u0458\u0430&nbsp; \u0423\u043b\u043e\u0433\u0430\u0442\u0430 \u043d\u0430 \u041f\u0435\u0434\u0430\u0433\u043e\u0448\u043a\u0430\u0442\u0430 \u0441\u043b\u0443\u0436\u0431\u0430 \u0435 \u0432\u043e \u043d\u0430\u0441\u043e\u043a\u0430 \u043d\u0430 \u043d\u0430\u0432\u0440\u0435\u043c\u0435\u043d\u043e \u043e\u0431\u0435\u0437\u0431\u0435\u0434\u0443\u0432\u0430\u045a\u0435 \u043d\u0430 \u043a\u0432\u0430\u043b\u0438\u0442\u0435\u0442\u043d\u0438 \u0443\u0447\u0435\u0431\u043d\u0438\u0446\u0438 \u043a\u0430\u043a\u043e \u043e\u0441\u043d\u043e\u0432\u043d\u043e \u043d\u0430\u0441\u0442\u0430\u0432\u043d\u043e \u0441\u0440\u0435\u0434\u0441\u0442\u0432\u043e \u043a\u0430\u043a\u043e \u0438 \u0441\u043e\u0432\u0435\u0442\u0443\u0432\u0430\u045a\u0435 \u043d\u0430 \u0440\u043e\u0434\u0438\u0442\u0435\u043b\u0438\u0442\u0435 \u0438 \u0443\u0447\u0435\u043d\u0438\u0446\u0438\u0442\u0435 \u0432\u043e \u0443\u0447\u0438\u043b\u0438\u0448\u0442\u0430\u0442\u0430. \u0410\u043a\u0442\u0438\u0432\u043d\u043e\u0441\u0442\u0438\u0442\u0435 \u043d\u0430 \u041f\u0435\u0434\u0430\u0433\u043e\u0448\u043a\u0430\u0442\u0430 \u0441\u043b\u0443\u0436\u0431\u0430 \u043a\u0430\u043a\u043e \u043e\u0440\u0433\u0430\u043d \u0432\u043e \u0441\u043e\u0441\u0442\u0430\u0432 \u043d\u0430 \u041c\u0438\u043d\u0438\u0441\u0442\u0435\u0440\u0441\u0442\u0432\u043e\u0442\u043e \u0437\u0430 \u043e\u0431\u0440\u0430\u0437\u043e\u0432\u0430\u043d\u0438\u0435 \u0438 \u043d\u0430\u0443\u043a\u0430 \u0441\u0435 \u0432\u043e \u043d\u0430\u0441\u043e\u043a\u0430 \u043d\u0430 \u0432\u043e\u0432\u0435\u0434\u0443\u0432\u0430\u045a\u0435 \u043d\u043e\u0432\u0438, \u043f\u043e\u0432\u0438\u0441\u043e\u043a\u0438 \u0438 \u0435\u0432\u0440\u043e\u043f\u0441\u043a\u0438 \u0441\u0442\u0430\u043d\u0434\u0430\u0440\u0434\u0438 \u0432\u043e \u0438\u0437\u0433\u043e\u0442\u0432\u0443\u0432\u0430\u045a\u0435\u0442\u043e \u043d\u0430 \u0443\u0447\u0435\u0431\u043d\u0438\u0446\u0438\u0442\u0435\u0438 [&hellip;]<\/p>","protected":false},"author":2,"featured_media":0,"parent":0,"menu_order":0,"comment_status":"closed","ping_status":"closed","template":"","meta":{"footnotes":""},"class_list":["post-840","page","type-page","status-publish","hentry"],"_links":{"self":[{"href":"http:\/\/pedagoshka.mon.gov.mk\/sq\/wp-json\/wp\/v2\/pages\/840","targetHints":{"allow":["GET"]}}],"collection":[{"href":"http:\/\/pedagoshka.mon.gov.mk\/sq\/wp-json\/wp\/v2\/pages"}],"about":[{"href":"http:\/\/pedagoshka.mon.gov.mk\/sq\/wp-json\/wp\/v2\/types\/page"}],"author":[{"embeddable":true,"href":"http:\/\/pedagoshka.mon.gov.mk\/sq\/wp-json\/wp\/v2\/users\/2"}],"replies":[{"embeddable":true,"href":"http:\/\/pedagoshka.mon.gov.mk\/sq\/wp-json\/wp\/v2\/comments?post=840"}],"version-history":[{"count":2,"href":"http:\/\/pedagoshka.mon.gov.mk\/sq\/wp-json\/wp\/v2\/pages\/840\/revisions"}],"predecessor-version":[{"id":994,"href":"http:\/\/pedagoshka.mon.gov.mk\/sq\/wp-json\/wp\/v2\/pages\/840\/revisions\/994"}],"wp:attachment":[{"href":"http:\/\/pedagoshka.mon.gov.mk\/sq\/wp-json\/wp\/v2\/media?parent=840"}],"curies":[{"name":"wp","href":"https:\/\/api.w.org\/{rel}","templated":true}]}}