{"id":841,"date":"2025-09-03T19:22:29","date_gmt":"2025-09-03T19:22:29","guid":{"rendered":"https:\/\/pedagoskamon.ct.ws\/home\/?page_id=41"},"modified":"2025-09-03T19:22:29","modified_gmt":"2025-09-03T19:22:29","slug":"%d0%bf%d1%80%d0%b8%d1%81%d1%82%d0%b0%d0%bf-%d0%b4%d0%be-%d0%b8%d0%bd%d1%84%d0%be%d1%80%d0%bc%d0%b0%d1%86%d0%b8%d0%b8-%d0%be%d0%b4-%d1%98%d0%b0%d0%b2%d0%b5%d0%bd-%d0%ba%d0%b0%d1%80%d0%b0%d0%ba%d1%82","status":"publish","type":"page","link":"http:\/\/pedagoshka.mon.gov.mk\/sq\/%d0%bf%d1%80%d0%b8%d1%81%d1%82%d0%b0%d0%bf-%d0%b4%d0%be-%d0%b8%d0%bd%d1%84%d0%be%d1%80%d0%bc%d0%b0%d1%86%d0%b8%d0%b8-%d0%be%d0%b4-%d1%98%d0%b0%d0%b2%d0%b5%d0%bd-%d0%ba%d0%b0%d1%80%d0%b0%d0%ba%d1%82\/","title":{"rendered":"Qasje n\u00eb informacionet me karakter publik"},"content":{"rendered":"<!DOCTYPE html>\n<html lang=\"mk\">\n<head>\n  <meta charset=\"UTF-8\">\n  <title>\u041e\u0434\u0433\u043e\u0432\u043e\u0440\u043d\u043e \u043b\u0438\u0446\u0435 \u0437\u0430 \u0438\u043d\u0444\u043e\u0440\u043c\u0430\u0446\u0438\u0438 \u043e\u0434 \u0458\u0430\u0432\u0435\u043d \u043a\u0430\u0440\u0430\u043a\u0442\u0435\u0440<\/title>\n  <style>\n    body {\n      font-family: Arial, sans-serif;\n      background: #f5f7fa;\n      margin: 0;\n      padding: 0;\n    }\n    .info-card {\n      width: 100%;\n      background: #fff;\n      border-left: 6px solid #2c3e50;\n      padding: 40px;\n      box-sizing: border-box;\n    }\n    .info-card h2 {\n      margin: 0;\n      font-size: 26px;\n      color: #2c3e50;\n    }\n    .info-card p {\n      margin: 15px 0;\n      font-size: 18px;\n      color: #34495e;\n      line-height: 1.6;\n    }\n    .info-card a {\n      color: #2980b9;\n      text-decoration: none;\n      font-weight: bold;\n    }\n    .info-card a:hover {\n      text-decoration: underline;\n    }\n  <\/style>\n<\/head>\n<body>\n  <div class=\"info-card\">\n    <h2>Personi p\u00ebrgjegj\u00ebs p\u00ebr informimacione me karakter publi<\/h2>\n    <p>P\u00ebr informacione me karakter publik \u00ebsht\u00eb i obliguar personi<\/p>\n    <p><strong>Violeta Kostovska<\/strong><\/p>\n    <p>Email: violeta.kostovska@mon.gov.mk <a href=\"mailto:violeta.kostovska@mon.gov.mk\">violeta.kostovska@mon.gov.mk<\/a><\/p>\n  <\/div>\n<\/body>\n<\/html>","protected":false},"excerpt":{"rendered":"<p>\u041e\u0434\u0433\u043e\u0432\u043e\u0440\u043d\u043e \u043b\u0438\u0446\u0435 \u0437\u0430 \u0438\u043d\u0444\u043e\u0440\u043c\u0430\u0446\u0438\u0438 \u043e\u0434 \u0458\u0430\u0432\u0435\u043d \u043a\u0430\u0440\u0430\u043a\u0442\u0435\u0440 \u041e\u0434\u0433\u043e\u0432\u043e\u0440\u043d\u043e \u043b\u0438\u0446\u0435 \u0437\u0430 \u0438\u043d\u0444\u043e\u0440\u043c\u0430\u0446\u0438\u0438 \u043e\u0434 \u0458\u0430\u0432\u0435\u043d \u043a\u0430\u0440\u0430\u043a\u0442\u0435\u0440 \u0417\u0430 \u0438\u043d\u0444\u043e\u0440\u043c\u0430\u0446\u0438\u0438\u0442\u0435 \u043e\u0434 \u0458\u0430\u0432\u0435\u043d \u043a\u0430\u0440\u0430\u043a\u0442\u0435\u0440 \u0435 \u0437\u0430\u0434\u043e\u043b\u0436\u0435\u043d\u043e \u043b\u0438\u0446\u0435\u0442\u043e: \u0412\u0438\u043e\u043b\u0435\u0442\u0430 \u041a\u043e\u0441\u0442\u043e\u0432\u0441\u043a\u0430 \u0415-\u043f\u043e\u0448\u0442\u0430: violeta.kostovska@mon.gov.mk<\/p>","protected":false},"author":2,"featured_media":0,"parent":0,"menu_order":0,"comment_status":"closed","ping_status":"closed","template":"","meta":{"footnotes":""},"class_list":["post-841","page","type-page","status-publish","hentry"],"_links":{"self":[{"href":"http:\/\/pedagoshka.mon.gov.mk\/sq\/wp-json\/wp\/v2\/pages\/841","targetHints":{"allow":["GET"]}}],"collection":[{"href":"http:\/\/pedagoshka.mon.gov.mk\/sq\/wp-json\/wp\/v2\/pages"}],"about":[{"href":"http:\/\/pedagoshka.mon.gov.mk\/sq\/wp-json\/wp\/v2\/types\/page"}],"author":[{"embeddable":true,"href":"http:\/\/pedagoshka.mon.gov.mk\/sq\/wp-json\/wp\/v2\/users\/2"}],"replies":[{"embeddable":true,"href":"http:\/\/pedagoshka.mon.gov.mk\/sq\/wp-json\/wp\/v2\/comments?post=841"}],"version-history":[{"count":0,"href":"http:\/\/pedagoshka.mon.gov.mk\/sq\/wp-json\/wp\/v2\/pages\/841\/revisions"}],"wp:attachment":[{"href":"http:\/\/pedagoshka.mon.gov.mk\/sq\/wp-json\/wp\/v2\/media?parent=841"}],"curies":[{"name":"wp","href":"https:\/\/api.w.org\/{rel}","templated":true}]}}