{"id":843,"date":"2025-09-03T19:37:35","date_gmt":"2025-09-03T19:37:35","guid":{"rendered":"https:\/\/pedagoskamon.ct.ws\/home\/?page_id=57"},"modified":"2025-09-03T19:37:35","modified_gmt":"2025-09-03T19:37:35","slug":"%d0%b7%d0%b0%d0%ba%d0%be%d0%bd%d0%b8","status":"publish","type":"page","link":"http:\/\/pedagoshka.mon.gov.mk\/sq\/%d0%b7%d0%b0%d0%ba%d0%be%d0%bd%d0%b8\/","title":{"rendered":"Ligje"},"content":{"rendered":"<!DOCTYPE html>\n<html lang=\"mk\">\n<head>\n  <meta charset=\"UTF-8\">\n  <title>\u0417\u0430\u043a\u043e\u043d\u0438<\/title>\n  <style>\n    body {\n      font-family: Arial, sans-serif;\n      background: #f5f7fa;\n      margin: 0;\n      padding: 0;\n    }\n\n    .laws-container {\n      display: grid;\n      grid-template-columns: repeat(auto-fit, minmax(250px, 1fr));\n      gap: 0;\n      width: 100%;\n    }\n\n    .law-card {\n      background: #fff;\n      border: 1px solid #ddd;\n      text-align: center;\n      padding: 25px 15px;\n      box-sizing: border-box;\n      transition: background 0.3s, transform 0.2s;\n    }\n\n    .law-card:hover {\n      background: #ecf0f1;\n      transform: translateY(-3px);\n    }\n\n    .law-card h3 {\n      margin: 0;\n      font-size: 18px;\n      color: #2c3e50;\n    }\n\n    .law-card a {\n      color: #2980b9;\n      text-decoration: none;\n      font-weight: bold;\n    }\n\n    .law-card a:hover {\n      text-decoration: underline;\n    }\n\n  <\/style>\n<\/head>\n<body>\n\n  <div class=\"laws-container\">\n    <div class=\"law-card\">\n      <h3>\n        <a href=\"http:\/\/pedagoska.xo.je\/wp-content\/uploads\/2025\/05\/%D0%97%D0%B0%D0%BA%D0%BE%D0%BD-%D0%B7%D0%B0-%D0%BF%D0%B5%D0%B4%D0%B0%D0%B3%D0%BE%D1%88%D0%BA%D0%B0-%D1%81%D0%BB%D1%83%D0%B6%D0%B1%D0%B0.pdf\" target=\"_blank\">\n          Ligji p\u00ebr sh\u00ebrbimin pedagogjik\n        <\/a>\n      <\/h3>\n    <\/div>\n\n    <div class=\"law-card\">\n      <h3>\n        <a href=\"http:\/\/pedagoska.xo.je\/wp-content\/uploads\/2025\/05\/%D0%97%D0%B0%D0%BA%D0%BE%D0%BD-%D0%B7%D0%B0-%D0%BE%D1%81%D0%BD%D0%BE%D0%B2%D0%BD%D0%BE-%D0%BE%D0%B1%D1%80%D0%B0%D0%B7%D0%BE%D0%B2%D0%B0%D0%BD%D0%B8%D0%B5.pdf\" target=\"_blank\">\n          Ligji p\u00ebr arsimin fillor\n        <\/a>\n      <\/h3>\n    <\/div>\n\n    <div class=\"law-card\">\n      <h3>\n        <a href=\"http:\/\/pedagoska.xo.je\/wp-content\/uploads\/2025\/05\/%D0%97%D0%B0%D0%BA%D0%BE%D0%BD-%D0%B7%D0%B0-%D1%83%D1%87%D0%B5%D0%B1%D0%BD%D0%B8%D1%86%D0%B8-%D0%B2%D0%BE-%D0%BE%D1%81%D0%BD%D0%BE%D0%B2%D0%BD%D0%BE-%D0%B8-%D1%81%D1%80%D0%B5%D0%B4%D0%BD%D0%BE-%D0%BE%D0%B1%D1%80%D0%B0%D0%B7%D0%BE%D0%B2%D0%B0%D0%BD%D0%B8%D0%B5.pdf\" target=\"_blank\">\n          Ligji p\u00ebr tekstet shkollore n\u00eb arsimin fillor dhe t\u00eb mes\u00ebm\n        <\/a>\n      <\/h3>\n    <\/div>\n\n    <div class=\"law-card\">\n      <h3>\n        <a href=\"http:\/\/pedagoska.xo.je\/wp-content\/uploads\/2025\/05\/%D0%97%D0%B0%D0%BA%D0%BE%D0%BD-%D0%B7%D0%B0-%D1%81%D1%80%D0%B5%D0%B4%D0%BD%D0%BE-%D0%BE%D0%B1%D1%80%D0%B0%D0%B7%D0%BE%D0%B2%D0%B0%D0%BD%D0%B8%D0%B5.pdf\" target=\"_blank\">\n          Ligji p\u00ebr arsimin e mes\u00ebm\n        <\/a>\n      <\/h3>\n    <\/div>\n  <\/div>\n\n<\/body>\n<\/html>","protected":false},"excerpt":{"rendered":"<p>\u0417\u0430\u043a\u043e\u043d\u0438 \u0417\u0430\u043a\u043e\u043d \u0437\u0430 \u043f\u0435\u0434\u0430\u0433\u043e\u0448\u043a\u0430 \u0441\u043b\u0443\u0436\u0431\u0430 \u0417\u0430\u043a\u043e\u043d \u0437\u0430 \u043e\u0441\u043d\u043e\u0432\u043d\u043e \u043e\u0431\u0440\u0430\u0437\u043e\u0432\u0430\u043d\u0438\u0435 \u0417\u0430\u043a\u043e\u043d \u0437\u0430 \u0443\u0447\u0435\u0431\u043d\u0438\u0446\u0438 \u0432\u043e \u043e\u0441\u043d\u043e\u0432\u043d\u043e \u0438 \u0441\u0440\u0435\u0434\u043d\u043e \u043e\u0431\u0440\u0430\u0437\u043e\u0432\u0430\u043d\u0438\u0435 \u0417\u0430\u043a\u043e\u043d \u0437\u0430 \u0441\u0440\u0435\u0434\u043d\u043e \u043e\u0431\u0440\u0430\u0437\u043e\u0432\u0430\u043d\u0438\u0435<\/p>","protected":false},"author":2,"featured_media":0,"parent":0,"menu_order":0,"comment_status":"closed","ping_status":"closed","template":"","meta":{"footnotes":""},"class_list":["post-843","page","type-page","status-publish","hentry"],"_links":{"self":[{"href":"http:\/\/pedagoshka.mon.gov.mk\/sq\/wp-json\/wp\/v2\/pages\/843","targetHints":{"allow":["GET"]}}],"collection":[{"href":"http:\/\/pedagoshka.mon.gov.mk\/sq\/wp-json\/wp\/v2\/pages"}],"about":[{"href":"http:\/\/pedagoshka.mon.gov.mk\/sq\/wp-json\/wp\/v2\/types\/page"}],"author":[{"embeddable":true,"href":"http:\/\/pedagoshka.mon.gov.mk\/sq\/wp-json\/wp\/v2\/users\/2"}],"replies":[{"embeddable":true,"href":"http:\/\/pedagoshka.mon.gov.mk\/sq\/wp-json\/wp\/v2\/comments?post=843"}],"version-history":[{"count":0,"href":"http:\/\/pedagoshka.mon.gov.mk\/sq\/wp-json\/wp\/v2\/pages\/843\/revisions"}],"wp:attachment":[{"href":"http:\/\/pedagoshka.mon.gov.mk\/sq\/wp-json\/wp\/v2\/media?parent=843"}],"curies":[{"name":"wp","href":"https:\/\/api.w.org\/{rel}","templated":true}]}}