{"id":845,"date":"2025-09-03T19:39:32","date_gmt":"2025-09-03T19:39:32","guid":{"rendered":"https:\/\/pedagoskamon.ct.ws\/home\/?page_id=68"},"modified":"2025-09-03T19:39:32","modified_gmt":"2025-09-03T19:39:32","slug":"%d0%bf%d1%80%d0%b0%d0%b2%d0%b8%d0%bb%d0%bd%d0%b8%d1%86%d0%b8","status":"publish","type":"page","link":"http:\/\/pedagoshka.mon.gov.mk\/sq\/%d0%bf%d1%80%d0%b0%d0%b2%d0%b8%d0%bb%d0%bd%d0%b8%d1%86%d0%b8\/","title":{"rendered":"Rregullore"},"content":{"rendered":"<!DOCTYPE html>\n<html lang=\"mk\">\n<head>\n  <meta charset=\"UTF-8\">\n  <title>\u041f\u0440\u0430\u0432\u0438\u043b\u043d\u0438\u0446\u0438 \u0438 \u0434\u043e\u043a\u0443\u043c\u0435\u043d\u0442\u0438<\/title>\n  <style>\n    body {\n      font-family: Arial, sans-serif;\n      background: #f5f7fa;\n      margin: 0;\n      padding: 0;\n    }\n\n    .docs-container {\n      display: grid;\n      grid-template-columns: repeat(auto-fit, minmax(250px, 1fr));\n      gap: 0;\n      width: 100%;\n    }\n\n    .doc-card {\n      background: #fff;\n      border: 1px solid #ddd;\n      text-align: center;\n      padding: 25px 15px;\n      box-sizing: border-box;\n      transition: background 0.3s, transform 0.2s;\n    }\n\n    .doc-card:hover {\n      background: #ecf0f1;\n      transform: translateY(-3px);\n    }\n\n    .doc-card h3 {\n      margin: 0;\n      font-size: 18px;\n      color: #2c3e50;\n    }\n\n    .doc-card a {\n      color: #2980b9;\n      text-decoration: none;\n      font-weight: bold;\n    }\n\n    .doc-card a:hover {\n      text-decoration: underline;\n    }\n\n  <\/style>\n<\/head>\n<body>\n\n  <div class=\"docs-container\">\n    <div class=\"doc-card\">\n      <h3>\n        <a href=\"http:\/\/pedagoska.xo.je\/wp-content\/uploads\/2025\/05\/%D0%9F%D1%80%D0%B0%D0%B2%D0%B8%D0%BB%D0%BD%D0%B8%D0%BA-%D0%B7%D0%B0-%D1%84%D0%BE%D1%80%D0%BC%D0%B0%D1%82%D0%B0-%D0%B8-%D1%81%D0%BE%D0%B4%D1%80%D0%B6%D0%B8%D0%BD%D0%B0%D1%82%D0%B0-%D0%BD%D0%B0-%D0%9A%D0%B0%D1%82%D0%B0%D0%BB%D0%BE%D0%B3-%D0%BD%D0%B0-%D0%BE%D0%B4%D0%BE%D0%B1%D1%80%D0%B5%D0%BD%D0%B8-%D1%83%D1%87%D0%B5%D0%B1%D0%BD%D0%B8%D1%86%D0%B8.pdf\" target=\"_blank\">Rregullore p\u00ebr formatin dhe p\u00ebrmbajtjen e katalogut t\u00eb teksteve shkollore t\u00eb miratuara<\/a>\n      <\/h3>\n    <\/div>\n\n    <div class=\"doc-card\">\n      <h3>\n        <a href=\"http:\/\/pedagoska.xo.je\/wp-content\/uploads\/2025\/05\/%D0%9F%D1%80%D0%B0%D0%B2%D0%B8%D0%BB%D0%BD%D0%B8%D0%BA-%D0%B7%D0%B0-%D0%BD%D0%B0%D1%87%D0%B8%D0%BD%D0%BE%D1%82-%D0%BD%D0%B0-%D0%BE%D0%B4%D0%BE%D0%B1%D1%80%D1%83%D0%B2%D0%B0%D1%9A%D0%B5-%D0%BD%D0%B0-%D1%80%D0%B0%D0%B1%D0%BE%D1%82%D0%BD%D0%B0-%D1%82%D0%B5%D1%82%D1%80%D0%B0%D1%82%D0%BA%D0%B0-%D0%B7%D0%B0-%D1%83%D0%BF%D0%BE%D1%82%D1%80%D0%B5%D0%B1%D0%B0-%D0%B2%D0%BE-%D1%83%D1%87%D0%B8%D0%BB%D0%B8%D1%88%D1%82%D0%B0%D1%82%D0%B0.pdf\" target=\"_blank\">Rregullore p\u00ebr metod\u00ebn e miratimit t\u00eb nj\u00eb libri pune p\u00ebr p\u00ebrdorim n\u00eb shkolla<\/a>\n      <\/h3>\n    <\/div>\n\n    <div class=\"doc-card\">\n      <h3>\n        <a href=\"http:\/\/pedagoska.xo.je\/wp-content\/uploads\/2025\/05\/%D0%9F%D1%80%D0%B0%D0%B2%D0%B8%D0%BB%D0%BD%D0%B8%D0%BA-%D0%B7%D0%B0-%D0%BD%D0%B0%D1%87%D0%B8%D0%BD%D0%BE%D1%82-%D0%B2%D0%BE-%D0%B7%D0%B0%D0%BF%D0%B8%D1%88%D1%83%D0%B2%D0%B0%D1%9A%D0%B5-%D0%B2%D0%BE-%D0%B1%D0%B0%D0%B7%D0%B0-%D0%BD%D0%B0-%D1%80%D0%B5%D1%86%D0%B5%D0%B7%D0%B5%D0%BD%D1%82%D0%B8-%D0%BC%D0%BA%D0%B4.pdf\" target=\"_blank\">Rregullore p\u00ebr metod\u00ebn e regjistrimit n\u00eb baz\u00ebn e t\u00eb dh\u00ebnave t\u00eb recensent\u00ebve<\/a>\n      <\/h3>\n    <\/div>\n\n    <div class=\"doc-card\">\n      <h3>\n        <a href=\"http:\/\/pedagoska.xo.je\/wp-content\/uploads\/2025\/05\/%D0%9F%D1%80%D0%B0%D0%B2%D0%B8%D0%BB%D0%BD%D0%B8%D0%BA-%D0%B7%D0%B0-%D0%BD%D0%B0%D1%87%D0%B8%D0%BD-%D0%BD%D0%B0-%D0%BF%D1%80%D0%B8%D0%B5%D0%BC-%D1%81%D0%BA%D0%BB%D0%B0%D0%B4%D0%B8%D1%80%D0%B0%D1%9A%D0%B5-%D0%B4%D0%BE%D0%B4%D0%B5%D0%BB%D1%83%D0%B2%D0%B0%D1%9A%D0%B5-%D0%B8-%D0%B2%D1%80%D0%B0%D1%9C%D0%B0%D1%9A%D0%B5-%D0%BD%D0%B0-%D0%BA%D0%BE%D0%BC%D0%BF%D0%BB%D0%B5%D1%82%D0%B8-%D0%BD%D0%B0-%D1%83%D1%87%D0%B5%D0%B1%D0%BD%D0%B8%D1%86%D0%B8-%D0%B2%D0%BE-%D0%BE%D1%81%D0%BD%D0%BE%D0%B2%D0%BD%D0%B8-%D0%B8-%D1%81%D1%80%D0%B5%D0%B4%D0%BD%D0%B8-%D1%83%D1%87%D0%B8%D0%BB%D0%B8%D1%88%D1%82%D0%B0.pdf\" target=\"_blank\">Rregullore p\u00ebr metod\u00ebn e marrjes, ruajtjes, caktimit dhe kthimit t\u00eb kompleteve t\u00eb teksteve shkollore n\u00eb shkollat fillore dhe t\u00eb mesme<\/a>\n      <\/h3>\n    <\/div>\n\n    <div class=\"doc-card\">\n      <h3>\n        <a href=\"http:\/\/pedagoska.xo.je\/wp-content\/uploads\/2025\/05\/%D0%A0%D0%B5%D1%88%D0%B5%D0%BD%D0%B8%D0%B5-%D0%B7%D0%B0-%D0%B8%D1%81%D0%BF%D0%BB%D0%B0%D1%82%D0%B0-%D0%BD%D0%B0-%D1%80%D0%B5%D1%86%D0%B5%D0%B7%D0%B5%D0%BD%D1%82%D0%B8.pdf\" target=\"_blank\">Vendim p\u00ebr pages\u00ebn e recensent\u00ebve<\/a>\n      <\/h3>\n    <\/div>\n\n    <div class=\"doc-card\">\n      <h3>\n        <a href=\"http:\/\/pedagoska.xo.je\/wp-content\/uploads\/2025\/05\/%D0%9C%D0%B5%D1%82%D0%BE%D0%B4%D0%BE%D0%BB%D0%BE%D0%B3%D0%B8%D1%98%D0%B0-%D0%B7%D0%B0-%D0%B2%D1%80%D0%B5%D0%B4%D0%BD%D1%83%D0%B2%D0%B0%D1%9A%D0%B5-%D0%BD%D0%B0-%D1%83%D1%87%D0%B5%D0%B1%D0%BD%D0%B8%D1%86%D0%B8.pdf\" target=\"_blank\">Metodologjia p\u00ebr vler\u00ebsimin e teksteve shkollore<\/a>\n      <\/h3>\n    <\/div>\n\n    <div class=\"doc-card\">\n      <h3>\n        <a href=\"http:\/\/pedagoska.xo.je\/wp-content\/uploads\/2025\/05\/%D0%9A%D0%BE%D0%BD%D1%86%D0%B5%D0%BF%D1%86%D0%B8%D1%98%D0%B0-%D0%B7%D0%B0-%D0%B8%D0%B7%D1%80%D0%B0%D0%B1%D0%BE%D1%82%D0%BA%D0%B0-%D0%BD%D0%B0-%D1%83%D1%87%D0%B5%D0%B1%D0%BD%D0%B8%D0%BA.pdf\" target=\"_blank\">Koncepti p\u00ebr zhvillimin e nj\u00eb libri shkollor<\/a>\n      <\/h3>\n    <\/div>\n\n  <\/div>\n\n<\/body>\n<\/html>","protected":false},"excerpt":{"rendered":"<p>\u041f\u0440\u0430\u0432\u0438\u043b\u043d\u0438\u0446\u0438 \u0438 \u0434\u043e\u043a\u0443\u043c\u0435\u043d\u0442\u0438 \u041f\u0440\u0430\u0432\u0438\u043b\u043d\u0438\u043a \u0437\u0430 \u0444\u043e\u0440\u043c\u0430\u0442\u0430 \u0438 \u0441\u043e\u0434\u0440\u0436\u0438\u043d\u0430\u0442\u0430 \u043d\u0430 \u041a\u0430\u0442\u0430\u043b\u043e\u0433 \u043d\u0430 \u043e\u0434\u043e\u0431\u0440\u0435\u043d\u0438 \u0443\u0447\u0435\u0431\u043d\u0438\u0446\u0438 \u041f\u0440\u0430\u0432\u0438\u043b\u043d\u0438\u043a \u0437\u0430 \u043d\u0430\u0447\u0438\u043d\u043e\u0442 \u043d\u0430 \u043e\u0434\u043e\u0431\u0440\u0443\u0432\u0430\u045a\u0435 \u043d\u0430 \u0440\u0430\u0431\u043e\u0442\u043d\u0430 \u0442\u0435\u0442\u0440\u0430\u0442\u043a\u0430 \u0437\u0430 \u0443\u043f\u043e\u0442\u0440\u0435\u0431\u0430 \u0432\u043e \u0443\u0447\u0438\u043b\u0438\u0448\u0442\u0430\u0442\u0430 \u041f\u0440\u0430\u0432\u0438\u043b\u043d\u0438\u043a \u0437\u0430 \u043d\u0430\u0447\u0438\u043d\u043e\u0442 \u0432\u043e \u0437\u0430\u043f\u0438\u0448\u0443\u0432\u0430\u045a\u0435 \u0432\u043e \u0431\u0430\u0437\u0430 \u043d\u0430 \u0440\u0435\u0446\u0435\u0437\u0435\u043d\u0442\u0438 \u043c\u043a\u0434 \u041f\u0440\u0430\u0432\u0438\u043b\u043d\u0438\u043a \u0437\u0430 \u043d\u0430\u0447\u0438\u043d \u043d\u0430 \u043f\u0440\u0438\u0435\u043c, \u0441\u043a\u043b\u0430\u0434\u0438\u0440\u0430\u045a\u0435, \u0434\u043e\u0434\u0435\u043b\u0443\u0432\u0430\u045a\u0435 \u0438 \u0432\u0440\u0430\u045c\u0430\u045a\u0435 \u043d\u0430 \u043a\u043e\u043c\u043f\u043b\u0435\u0442\u0438 \u043d\u0430 \u0443\u0447\u0435\u0431\u043d\u0438\u0446\u0438 \u0432\u043e \u043e\u0441\u043d\u043e\u0432\u043d\u0438 \u0438 \u0441\u0440\u0435\u0434\u043d\u0438 \u0443\u0447\u0438\u043b\u0438\u0448\u0442\u0430 \u0420\u0435\u0448\u0435\u043d\u0438\u0435 \u0437\u0430 [&hellip;]<\/p>","protected":false},"author":2,"featured_media":0,"parent":0,"menu_order":0,"comment_status":"closed","ping_status":"closed","template":"","meta":{"footnotes":""},"class_list":["post-845","page","type-page","status-publish","hentry"],"_links":{"self":[{"href":"http:\/\/pedagoshka.mon.gov.mk\/sq\/wp-json\/wp\/v2\/pages\/845","targetHints":{"allow":["GET"]}}],"collection":[{"href":"http:\/\/pedagoshka.mon.gov.mk\/sq\/wp-json\/wp\/v2\/pages"}],"about":[{"href":"http:\/\/pedagoshka.mon.gov.mk\/sq\/wp-json\/wp\/v2\/types\/page"}],"author":[{"embeddable":true,"href":"http:\/\/pedagoshka.mon.gov.mk\/sq\/wp-json\/wp\/v2\/users\/2"}],"replies":[{"embeddable":true,"href":"http:\/\/pedagoshka.mon.gov.mk\/sq\/wp-json\/wp\/v2\/comments?post=845"}],"version-history":[{"count":0,"href":"http:\/\/pedagoshka.mon.gov.mk\/sq\/wp-json\/wp\/v2\/pages\/845\/revisions"}],"wp:attachment":[{"href":"http:\/\/pedagoshka.mon.gov.mk\/sq\/wp-json\/wp\/v2\/media?parent=845"}],"curies":[{"name":"wp","href":"https:\/\/api.w.org\/{rel}","templated":true}]}}