{"id":846,"date":"2025-09-03T19:43:02","date_gmt":"2025-09-03T19:43:02","guid":{"rendered":"https:\/\/pedagoskamon.ct.ws\/home\/?page_id=78"},"modified":"2026-01-23T14:56:08","modified_gmt":"2026-01-23T13:56:08","slug":"%d0%b1%d0%b0%d0%b7%d0%b0-%d0%bd%d0%b0-%d1%80%d0%b5%d1%86%d0%b5%d0%b7%d0%b5%d0%bd%d1%82%d0%b8","status":"publish","type":"page","link":"http:\/\/pedagoshka.mon.gov.mk\/sq\/%d0%b1%d0%b0%d0%b7%d0%b0-%d0%bd%d0%b0-%d1%80%d0%b5%d1%86%d0%b5%d0%b7%d0%b5%d0%bd%d1%82%d0%b8\/","title":{"rendered":"\u0411\u0430\u0437\u0430 \u043d\u0430 \u0440\u0435\u0446\u0435\u043d\u0437\u0435\u043d\u0442\u0438"},"content":{"rendered":"<div data-elementor-type=\"wp-page\" data-elementor-id=\"846\" class=\"elementor elementor-846\">\n\t\t\t\t<div class=\"elementor-element elementor-element-18409fab e-flex e-con-boxed e-con e-parent\" data-id=\"18409fab\" data-element_type=\"container\">\n\t\t\t\t\t<div class=\"e-con-inner\">\n\t\t\t\t<div class=\"elementor-element elementor-element-71b0f0ea elementor-widget elementor-widget-text-editor\" data-id=\"71b0f0ea\" data-element_type=\"widget\" data-widget_type=\"text-editor.default\">\n\t\t\t\t<div class=\"elementor-widget-container\">\n\t\t\t\t\t\t\t\t\t<p>\u00a0<\/p>\n<p><style>\n    body {<br \/>\n      font-family: Arial, sans-serif;<br \/>\n      background: #f5f7fa;<br \/>\n      margin: 0;<br \/>\n      padding: 0; \/* \u0438\u0437\u0431\u0440\u0438\u0448\u0430\u043d\u0438 \u043c\u0430\u0440\u0433\u0438\u043d\u0438 \u0438 padding \u043d\u0430 body *\/<br \/>\n      line-height: 1.6;<br \/>\n      color: #2c3e50;<br \/>\n    }<\/p>\n<p>    .container {<br \/>\n      width: 100%; \/* \u0446\u0435\u043b\u0430 \u0448\u0438\u0440\u0438\u043d\u0430 *\/<br \/>\n      background: #fff;<br \/>\n      padding: 30px;<br \/>\n      box-sizing: border-box;<br \/>\n    }<\/p>\n<p>    h1 {<br \/>\n      font-size: 24px;<br \/>\n      color: #e74c3c;<br \/>\n      text-align: center;<br \/>\n      margin-bottom: 20px;<br \/>\n    }<\/p>\n<p>    h2 {<br \/>\n      font-size: 20px;<br \/>\n      color: #2c3e50;<br \/>\n      margin-top: 30px;<br \/>\n      margin-bottom: 10px;<br \/>\n    }<\/p>\n<p>    p {<br \/>\n      margin-bottom: 15px;<br \/>\n    }<\/p>\n<p>    ul {<br \/>\n      margin: 10px 0 20px 20px;<br \/>\n    }<\/p>\n<p>    li {<br \/>\n      margin-bottom: 8px;<br \/>\n    }<\/p>\n<p>    .highlight {<br \/>\n      font-weight: bold;<br \/>\n      color: #2980b9;<br \/>\n    }<\/p>\n<p>    a {<br \/>\n      color: #2980b9;<br \/>\n      text-decoration: none;<br \/>\n    }<\/p>\n<p>    a:hover {<br \/>\n      text-decoration: underline;<br \/>\n    }<br \/>\n  <\/style><\/p>\n<div class=\"container\">\n<h1>Thirrje p\u00ebr shprehje interesi p\u00ebr regjistrim n\u00eb baz\u00ebn e t\u00eb dh\u00ebnave t\u00eb recensent\u00ebve<\/h1>\n<p>\u0412\u0440\u0437 \u043e\u0441\u043d\u043e\u0432\u0430 \u043d\u0430 \u0447\u043b\u0435\u043d 15 \u043e\u0434 <span class=\"highlight\">Ligji p\u00ebr tekstet shkollore n\u00eb arsimin fillor dhe t\u00eb mes\u00ebm<\/span> N\u00eb baz\u00eb t\u00eb nenit 15 t\u00eb Ligjit p\u00ebr Tekstet Shkollore n\u00eb Arsimin Fillor dhe t\u00eb Mes\u00ebm (\u201cGazeta zyrtare e Republik\u00ebs s\u00eb Maqedonis\u00eb s\u00eb Veriut\u201d nr. 3\/25) dhe Rregullores p\u00ebr m\u00ebnyr\u00ebn e regjistrimit n\u00eb baz\u00ebn e t\u00eb dh\u00ebnave t\u00eb recensent\u00ebve dhe m\u00ebnyr\u00ebn e pun\u00ebs s\u00eb recensent\u00ebve (\"Gazeta Zyrtare e Republik\u00ebs s\u00eb Maqedonis\u00eb s\u00eb Veriut\" Nr. 13\/25), Ministria e Arsimit dhe Shkenc\u00ebs - Sh\u00ebrbimi Pedagogjik shpall:<\/p>\n<h2>THIRRJE P\u00cbR SHPREHJE INTERESI<\/h2>\n<p>Ministria e Arsimit dhe Shkenc\u00ebs - Sh\u00ebrbimi Pedagogjik, n\u00eb p\u00ebrputhje me Ligjin p\u00ebr Tekstet Shkollore n\u00eb Arsimin Fillor dhe t\u00eb Mes\u00ebm, udh\u00ebheq baz\u00ebn e recensent\u00ebve. N\u00eb p\u00ebrputhje me Rregulloren p\u00ebr m\u00ebnyr\u00ebn e regjistrimit n\u00eb baz\u00ebn e recensent\u00ebve dhe m\u00ebnyr\u00ebn e pun\u00ebs s\u00eb recensent\u00ebve, \u00ebsht\u00eb p\u00ebrcaktuar m\u00ebnyra e regjistrimit n\u00eb baz\u00ebn elektronike p\u00ebr recensent\u00ebt p\u00ebr dor\u00ebshkrimet e teksteve shkollore dhe tekstet shkollore t\u00eb gjuh\u00ebve t\u00eb huaja.<\/p>\n<h2>Kushtet p\u00ebr personat e interesuar:<\/h2>\n<ul>\n<li>T\u00eb jen\u00eb m\u00ebsimdh\u00ebn\u00ebs nga fakultetet pedagogjike p\u00ebr l\u00ebnd\u00ebn m\u00ebsimore p\u00ebr t\u00eb cil\u00ebn \u00ebsht\u00eb i destinuar teksti shkollor dhe t\u00eb ken\u00eb t\u00eb pakt\u00ebn dhjet\u00eb vite p\u00ebrvoj\u00eb pune;<\/li>\n<li>T\u00eb jen\u00eb m\u00ebsues nga shkollat fillore ose t\u00eb mesme, p\u00ebrkat\u00ebs p\u00ebr l\u00ebnd\u00ebn m\u00ebsimore p\u00ebr t\u00eb cil\u00ebn \u00ebsht\u00eb i destinuar teksti shkollor, me t\u00eb pakt\u00ebn dhjet\u00eb vite p\u00ebrvoj\u00eb pune n\u00eb arsim;<\/li>\n<li>P\u00ebr l\u00ebnd\u00ebt gjuh\u00eb dhe kultur\u00eb t\u00eb komunitetit serb, boshnjak, vllah, turk dhe rom, si dhe p\u00ebr l\u00ebnd\u00ebt q\u00eb p\u00ebr her\u00eb t\u00eb par\u00eb futen n\u00eb procesin arsimor, mund t\u00eb aplikojn\u00eb edhe persona me arsim t\u00eb lart\u00eb t\u00eb kryer n\u00eb fush\u00ebn q\u00eb i p\u00ebrket l\u00ebnda m\u00ebsimore p\u00ebr t\u00eb cil\u00ebn \u00ebsht\u00eb i destinuar teksti shkollor dhe q\u00eb kan\u00eb t\u00eb pakt\u00ebn pes\u00eb vite p\u00ebrvoj\u00eb pune si m\u00ebsimdh\u00ebn\u00ebs ose bashk\u00ebpun\u00ebtor\u00eb n\u00eb arsimin e lart\u00eb;<\/li>\n<\/ul>\n<h2>Dokumentet q\u00eb duhet t\u00eb bashk\u00ebngjiten:<\/h2>\n<ul>\n<li>V\u00ebrtetim ose diplom\u00eb p\u00ebr arsim t\u00eb kryer p\u00ebrkat\u00ebs, n\u00eb origjinal ose kopje t\u00eb noterizuar. P\u00ebr arsim t\u00eb kryer jasht\u00eb vendit, \u00ebsht\u00eb i nevojsh\u00ebm vendimi p\u00ebr njohjen e kualifikimit t\u00eb lart\u00eb arsimor t\u00eb huaj;<\/li>\n<li>D\u00ebshmi p\u00ebr identitetin e emrit dhe mbiemrit n\u00ebse dallon nga emri n\u00eb diplom\u00eb;<\/li>\n<li>V\u00ebrtetim p\u00ebr stazhin e pun\u00ebs, i l\u00ebshuar nga Fondi p\u00ebr Sigurim Pensional dhe Invalidor i Maqedonis\u00eb s\u00eb Veriut;<\/li>\n<li>Deklarat\u00eb se i plot\u00ebsojn\u00eb kushtet e nenit 15 t\u00eb Ligjit p\u00ebr tekstet shkollore n\u00eb arsimin fillor dhe t\u00eb mes\u00ebm;<\/li>\n<li>P\u00eblqim p\u00ebr p\u00ebrpunimin e t\u00eb dh\u00ebnave personale.<\/li>\n<\/ul>\n<p><strong>Thirrja \u00ebsht\u00eb e hapur vazhdimisht!<\/strong><\/p>\n<p>Aplikimi plot\u00ebsohet n\u00eb m\u00ebnyr\u00eb elektronike n\u00eb portalin e sh\u00ebrbimeve elektronike <a href=\"https:\/\/e-uslugi.mon.gov.mk\" target=\"_blank\" rel=\"noopener\">\u0435-\u0443\u0441\u043b\u0443\u0433\u0438<\/a><\/p>\n<\/div>\n<div class=\"container\">\n<p>\u00a0<\/p>\n<a href=\"http:\/\/pedagoshka.mon.gov.mk\/wp-content\/uploads\/2026\/01\/prijava-za-recenzent-2025.pdf\">\u041f\u0440\u0438\u0458\u0430\u0432\u0430 \u0437\u0430 \u0440\u0435\u0446\u0435\u043d\u0437\u0435\u043d\u0442<\/a><\/div>\n<p><!-- \/wp:html --><\/p>\t\t\t\t\t\t\t\t<\/div>\n\t\t\t\t<\/div>\n\t\t\t\t\t<\/div>\n\t\t\t\t<\/div>\n\t\t<div class=\"elementor-element elementor-element-8ccec7a e-grid e-con-boxed e-con e-parent\" data-id=\"8ccec7a\" data-element_type=\"container\">\n\t\t\t\t\t<div class=\"e-con-inner\">\n\t\t\t\t\t<\/div>\n\t\t\t\t<\/div>\n\t\t\t\t<\/div>","protected":false},"excerpt":{"rendered":"<p>\u00a0 \u041f\u043e\u0432\u0438\u043a \u0437\u0430 \u043f\u0440\u0438\u0458\u0430\u0432\u0443\u0432\u0430\u045a\u0435 \u0438\u043d\u0442\u0435\u0440\u0435\u0441 \u0437\u0430 \u0437\u0430\u043f\u0438\u0448\u0443\u0432\u0430\u045a\u0435 \u0432\u043e \u0431\u0430\u0437\u0430 \u043d\u0430 \u0440\u0435\u0446\u0435\u043d\u0437\u0435\u043d\u0442\u0438 \u0412\u0440\u0437 \u043e\u0441\u043d\u043e\u0432\u0430 \u043d\u0430 \u0447\u043b\u0435\u043d 15 \u043e\u0434 \u0417\u0430\u043a\u043e\u043d\u043e\u0442 \u0437\u0430 \u0443\u0447\u0435\u0431\u043d\u0438\u0446\u0438 \u0432\u043e \u043e\u0441\u043d\u043e\u0432\u043d\u043e \u0438 \u0441\u0440\u0435\u0434\u043d\u043e \u043e\u0431\u0440\u0430\u0437\u043e\u0432\u0430\u043d\u0438\u0435 (\u201e\u0421\u043b\u0443\u0436\u0431\u0435\u043d \u0432\u0435\u0441\u043d\u0438\u043a \u043d\u0430 \u0420\u0435\u043f\u0443\u0431\u043b\u0438\u043a\u0430 \u0421\u0435\u0432\u0435\u0440\u043d\u0430 \u041c\u0430\u043a\u0435\u0434\u043e\u043d\u0438\u0458\u0430\u201c \u0431\u0440. 3\/25) \u0438 \u041f\u0440\u0430\u0432\u0438\u043b\u043d\u0438\u043a\u043e\u0442 \u0437\u0430 \u043d\u0430\u0447\u0438\u043d\u043e\u0442 \u043d\u0430 \u0437\u0430\u043f\u0438\u0448\u0443\u0432\u0430\u045a\u0435 \u0432\u043e \u0431\u0430\u0437\u0430\u0442\u0430 \u043d\u0430 \u0440\u0435\u0446\u0435\u043d\u0437\u0435\u043d\u0442\u0438 \u0438 \u043d\u0430\u0447\u0438\u043d\u043e\u0442 \u043d\u0430 \u0440\u0430\u0431\u043e\u0442\u0430 \u043d\u0430 \u0440\u0435\u0446\u0435\u043d\u0437\u0435\u043d\u0442\u0438\u0442\u0435 (\u201e\u0421\u043b\u0443\u0436\u0431\u0435\u043d \u0432\u0435\u0441\u043d\u0438\u043a \u043d\u0430 \u0420\u0435\u043f\u0443\u0431\u043b\u0438\u043a\u0430 \u0421\u0435\u0432\u0435\u0440\u043d\u0430 \u041c\u0430\u043a\u0435\u0434\u043e\u043d\u0438\u0458\u0430\u201c [&hellip;]<\/p>","protected":false},"author":2,"featured_media":0,"parent":0,"menu_order":0,"comment_status":"closed","ping_status":"closed","template":"","meta":{"footnotes":""},"class_list":["post-846","page","type-page","status-publish","hentry"],"_links":{"self":[{"href":"http:\/\/pedagoshka.mon.gov.mk\/sq\/wp-json\/wp\/v2\/pages\/846","targetHints":{"allow":["GET"]}}],"collection":[{"href":"http:\/\/pedagoshka.mon.gov.mk\/sq\/wp-json\/wp\/v2\/pages"}],"about":[{"href":"http:\/\/pedagoshka.mon.gov.mk\/sq\/wp-json\/wp\/v2\/types\/page"}],"author":[{"embeddable":true,"href":"http:\/\/pedagoshka.mon.gov.mk\/sq\/wp-json\/wp\/v2\/users\/2"}],"replies":[{"embeddable":true,"href":"http:\/\/pedagoshka.mon.gov.mk\/sq\/wp-json\/wp\/v2\/comments?post=846"}],"version-history":[{"count":7,"href":"http:\/\/pedagoshka.mon.gov.mk\/sq\/wp-json\/wp\/v2\/pages\/846\/revisions"}],"predecessor-version":[{"id":1342,"href":"http:\/\/pedagoshka.mon.gov.mk\/sq\/wp-json\/wp\/v2\/pages\/846\/revisions\/1342"}],"wp:attachment":[{"href":"http:\/\/pedagoshka.mon.gov.mk\/sq\/wp-json\/wp\/v2\/media?parent=846"}],"curies":[{"name":"wp","href":"https:\/\/api.w.org\/{rel}","templated":true}]}}