{"id":847,"date":"2025-09-03T19:54:46","date_gmt":"2025-09-03T19:54:46","guid":{"rendered":"https:\/\/pedagoskamon.ct.ws\/home\/?page_id=83"},"modified":"2025-09-03T19:54:46","modified_gmt":"2025-09-03T19:54:46","slug":"%d0%bf%d1%80%d0%b8%d1%98%d0%b0%d0%b2%d0%b8-%d0%bd%d0%b0%d1%81%d0%b8%d0%bb%d1%81%d1%82%d0%b2%d0%be","status":"publish","type":"page","link":"https:\/\/pedagoshka.mon.gov.mk\/sq\/%d0%bf%d1%80%d0%b8%d1%98%d0%b0%d0%b2%d0%b8-%d0%bd%d0%b0%d1%81%d0%b8%d0%bb%d1%81%d1%82%d0%b2%d0%be\/","title":{"rendered":"Raporto dhun\u00eb"},"content":{"rendered":"<!DOCTYPE html>\n<html lang=\"mk\">\n<head>\n  <meta charset=\"UTF-8\">\n  <title>\u041f\u0440\u0438\u0458\u0430\u0432\u0438 \u043d\u0430\u0441\u0438\u043b\u0441\u0442\u0432\u043e<\/title>\n  <style>\n    body {\n      font-family: Arial, sans-serif;\n      background: #f5f7fa;\n      margin: 0;\n      padding: 0;\n      line-height: 1.6;\n      color: #2c3e50;\n    }\n\n    .container {\n      width: 100%;\n      background: #fff;\n      padding: 30px;\n      box-sizing: border-box;\n    }\n\n    h1 {\n      font-size: 24px;\n      color: #e74c3c;\n      text-align: center;\n      margin-bottom: 20px;\n    }\n\n    p {\n      margin-bottom: 15px;\n    }\n\n    .highlight {\n      font-weight: bold;\n      color: #2980b9;\n    }\n\n    a {\n      color: #2980b9;\n      text-decoration: none;\n    }\n\n    a:hover {\n      text-decoration: underline;\n    }\n\n  <\/style>\n<\/head>\n<body>\n\n  <div class=\"container\">\n    <h1>Raporto dhun\u00eb<\/h1>\n\n    <p>Ministria e Arsimit dhe Shkenc\u00ebs informon se adresat e email-it prijavinasilstvo@mon.gov.mk \u0438 paraqitdhune@mon.gov.mk jan\u00eb aktive <a href=\"mailto:prijavinasilstvo@mon.gov.mk\">prijavinasilstvo@mon.gov.mk<\/a> \u0438 <a href=\"mailto:paraqitdhune@mon.gov.mk\">paraqitdhune@mon.gov.mk<\/a> jan\u00eb aktive<\/p>\n\n    <p>Shkollat duhet t\u00eb jen\u00eb mjedis i sigurt ku do t\u00eb zhvillohet procesi edukativo-arsimor.<\/p>\n\n    <p>P\u00ebr t\u00eb raportuar dhun\u00ebn, kontaktoni adres\u00ebn e email-it: prijavinasilstvo@mon.gov.mk <a href=\"mailto:prijavinasilstvo@mon.gov.mk\">prijavinasilstvo@mon.gov.mk<\/a><\/p>\n  <\/div>\n\n<\/body>\n<\/html>","protected":false},"excerpt":{"rendered":"<p>\u041f\u0440\u0438\u0458\u0430\u0432\u0438 \u043d\u0430\u0441\u0438\u043b\u0441\u0442\u0432\u043e \u041f\u0440\u0438\u0458\u0430\u0432\u0438 \u043d\u0430\u0441\u0438\u043b\u0441\u0442\u0432\u043e \u041c\u0438\u043d\u0438\u0441\u0442\u0435\u0440\u0441\u0442\u0432\u043e\u0442\u043e \u0437\u0430 \u043e\u0431\u0440\u0430\u0437\u043e\u0432\u0430\u043d\u0438\u0435 \u0438 \u043d\u0430\u0443\u043a\u0430 \u0438\u043d\u0444\u043e\u0440\u043c\u0438\u0440\u0430 \u0434\u0435\u043a\u0430 \u0435\u043b\u0435\u043a\u0442\u0440\u043e\u043d\u0441\u043a\u0438\u0442\u0435 \u0430\u0434\u0440\u0435\u0441\u0438 prijavinasilstvo@mon.gov.mk \u0438 paraqitdhune@mon.gov.mk \u0441\u0435 \u0430\u043a\u0442\u0438\u0432\u043d\u0438. \u0423\u0447\u0438\u043b\u0438\u0448\u0442\u0430\u0442\u0430 \u043c\u043e\u0440\u0430 \u0434\u0430 \u0431\u0438\u0434\u0430\u0442 \u0431\u0435\u0437\u0431\u0435\u0434\u043d\u0430 \u0441\u0440\u0435\u0434\u0438\u043d\u0430 \u043a\u0430\u0434\u0435 \u045c\u0435 \u0441\u0435 \u043e\u0434\u0432\u0438\u0432\u0430 \u0432\u043e\u0441\u043f\u0438\u0442\u043d\u043e-\u043e\u0431\u0440\u0430\u0437\u043e\u0432\u043d\u0438\u043e\u0442 \u043f\u0440\u043e\u0446\u0435\u0441. \u0417\u0430 \u043f\u0440\u0438\u0458\u0430\u0432\u0430 \u043d\u0430 \u043d\u0430\u0441\u0438\u043b\u0441\u0442\u0432\u043e, \u043a\u043e\u043d\u0442\u0430\u043a\u0442\u0438\u0440\u0430\u0458\u0442\u0435 \u043d\u0430 \u0435-\u043f\u043e\u0448\u0442\u0430: prijavinasilstvo@mon.gov.mk<\/p>","protected":false},"author":2,"featured_media":0,"parent":0,"menu_order":0,"comment_status":"closed","ping_status":"closed","template":"","meta":{"footnotes":""},"class_list":["post-847","page","type-page","status-publish","hentry"],"_links":{"self":[{"href":"https:\/\/pedagoshka.mon.gov.mk\/sq\/wp-json\/wp\/v2\/pages\/847","targetHints":{"allow":["GET"]}}],"collection":[{"href":"https:\/\/pedagoshka.mon.gov.mk\/sq\/wp-json\/wp\/v2\/pages"}],"about":[{"href":"https:\/\/pedagoshka.mon.gov.mk\/sq\/wp-json\/wp\/v2\/types\/page"}],"author":[{"embeddable":true,"href":"https:\/\/pedagoshka.mon.gov.mk\/sq\/wp-json\/wp\/v2\/users\/2"}],"replies":[{"embeddable":true,"href":"https:\/\/pedagoshka.mon.gov.mk\/sq\/wp-json\/wp\/v2\/comments?post=847"}],"version-history":[{"count":0,"href":"https:\/\/pedagoshka.mon.gov.mk\/sq\/wp-json\/wp\/v2\/pages\/847\/revisions"}],"wp:attachment":[{"href":"https:\/\/pedagoshka.mon.gov.mk\/sq\/wp-json\/wp\/v2\/media?parent=847"}],"curies":[{"name":"wp","href":"https:\/\/api.w.org\/{rel}","templated":true}]}}