{"id":936,"date":"2025-09-17T11:28:00","date_gmt":"2025-09-17T09:28:00","guid":{"rendered":"https:\/\/pedagoshka.mon.gov.mk\/?page_id=936"},"modified":"2026-03-19T12:26:29","modified_gmt":"2026-03-19T11:26:29","slug":"%d0%b2%d1%80%d0%b0%d0%b1%d0%be%d1%82%d0%b5%d0%bd%d0%b8","status":"publish","type":"page","link":"https:\/\/pedagoshka.mon.gov.mk\/sq\/%d0%b2%d1%80%d0%b0%d0%b1%d0%be%d1%82%d0%b5%d0%bd%d0%b8\/","title":{"rendered":"Pononj\u00ebsit"},"content":{"rendered":"<!DOCTYPE html>\n<html lang=\"mk\">\n<head>\n  <meta charset=\"UTF-8\">\n  <title>\u0412\u0440\u0430\u0431\u043e\u0442\u0435\u043d\u0438<\/title>\n  <style>\n    body {\n      font-family: Arial, sans-serif;\n      background: #f5f7fa;\n      margin: 0;\n      padding: 0;\n    }\n\n    .employees-container {\n      display: grid;\n      grid-template-columns: repeat(auto-fit, minmax(250px, 1fr));\n      gap: 0; \/* \u043d\u0435\u043c\u0430 \u043f\u0440\u0430\u0437\u043d\u0438\u043d\u0430 \u043f\u043e\u043c\u0435\u0453\u0443 \u043a\u0430\u0440\u0442\u0438\u0447\u043a\u0438\u0442\u0435 *\/\n      width: 100%;\n    }\n\n    .employee-card {\n      background: #fff;\n      border: 1px solid #ddd;\n      text-align: center;\n      padding: 20px;\n      box-sizing: border-box;\n    }\n\n    .employee-card img {\n      width: 100%;\n      height: 180px;\n      object-fit: cover;\n      margin-bottom: 15px;\n      background: #ddd;\n    }\n\n    .employee-card h3 {\n      margin: 5px 0;\n      font-size: 18px;\n      color: #2c3e50;\n    }\n\n    .employee-card p {\n      margin: 5px 0;\n      font-size: 14px;\n      color: #34495e;\n    }\n\n    .employee-card a {\n      color: #2980b9;\n      text-decoration: none;\n      font-weight: bold;\n    }\n\n    .employee-card a:hover {\n      text-decoration: underline;\n    }\n  <\/style>\n<\/head>\n<body>\n\n  <div class=\"employees-container\">\n    <!-- \u0412.\u0414. \u0414\u0438\u0440\u0435\u043a\u0442\u043e\u0440 -->\n    <div class=\"employee-card\">\n      <h3>Robert Axhipetrov<\/h3>\n      <p>Drejtori<\/p>\n      <p><a href=\"mailto:robert.adzipetrov@mon.gov.mk\">robert.adzipetrov@mon.gov.mk<\/a><\/p>\n    <\/div>\n\n    <div class=\"employee-card\">\n      <h3>Hikmete Selmani<\/h3>\n      <p>Udh\u00ebheq\u00ebse e departamentit t\u00eb teksteve shkollore dhe k\u00ebshillimi pedagogjik<\/p>\n      <p><a href=\"mailto:hikmete.selmani@mon.gov.mk\">hikmete.selmani@mon.gov.mk<\/a><\/p>\n    <\/div>\n<div class=\"employee-card\">\n      <h3>Andrea Jankovski<\/h3>\n      <p>Z\u00ebvend\u00ebsdrejtor i sektorit p\u00ebr tekste shkollore dhe k\u00ebshillim pedagogjik <\/p>\n      <p><a href=\"mailto:andrea.jankovski@mon.gov.mk\">andrea.jankovski@mon.gov.mk<\/a><\/p>\n    <\/div>\n\n<div class=\"employee-card\">\n      <h3>Zoran Sht\u00ebrjovski<\/h3>\n      <p>Drejtor i departamentit<\/p>\n      <p><a href=\"mailto:zoran.sterjovski@mon.gov.mk\">zoran.sterjovski@mon.gov.mk<\/a><\/p>\n    <\/div>\n\n    <div class=\"employee-card\">\n      <h3>Violeta Kostovska<\/h3>\n      <p>Udh\u00ebheq\u00ebs i departamentit t\u00eb miratimit t\u00eb teksteve shkollore<\/p>\n      <p><a href=\"mailto:violeta.kostovska@mon.gov.mk\">violeta.kostovska@mon.gov.mk<\/a><\/p>\n    <\/div>\n\n    <div class=\"employee-card\">\n      <h3>Natasha Stojanovi\u00e7-Toskoska<\/h3>\n      <p>Udh\u00ebheq\u00ebse e e departamentit p\u00ebr botimin dhe prokurimin e teksteve shkollore<\/p>\n      <p><a href=\"mailto:natasa.stojanovic-toskoska@mon.gov.mk\">natasa.stojanovic-toskoska@mon.gov.mk<\/a><\/p>\n    <\/div>\n\n\n\n<div class=\"employee-card\">\n      <h3>Vesna Stojanovska<\/h3>\n      <p>K\u00ebshilltar p\u00ebr zbatimin e procedur\u00ebs p\u00ebr miratimin e teksteve shkollore<\/p>\n      <p><a href=\"mailto:vesna.stojanovska@mon.gov.mk\">vesna.stojanovska@mon.gov.mk<\/a><\/p>\n    <\/div>\n\n<div class=\"employee-card\">\n      <h3>\u0424\u0435\u0440\u0434\u0438 \u0410\u043b\u0438\u0458\u0443<\/h3>\n      <p>\u0421\u043e\u0432\u0435\u0442\u043d\u0438\u043a \u0437\u0430 \u0430\u043d\u0430\u043b\u0438\u0437\u0430 \u043d\u0430 \u043f\u043e\u0434\u0430\u0442\u043e\u0446\u0438 \u0437\u0430 \u0443\u0447\u0435\u0431\u043d\u0438\u0446\u0438<\/p>\n      <p><a href=\"mailto:ferdi.aliju@mon.gov.mk\">ferdi.aliju@mon.gov.mk<\/a><\/p>\n    <\/div>\n\n<div class=\"employee-card\">\n      <h3>\u041d\u0430\u0441\u0438\u0440 \u0410\u0431\u0430\u0437\u0438<\/h3>\n      <p>\u0421\u043e\u0432\u0435\u0442\u043d\u0438\u043a \u0437\u0430 \u0430\u043d\u0430\u043b\u0438\u0437\u0430 \u043d\u0430 \u043f\u043e\u0434\u0430\u0442\u043e\u0446\u0438 \u0437\u0430 \u0443\u0447\u0435\u0431\u043d\u0438\u0446\u0438<\/p>\n      <p><a href=\"mailto:nasir.abazi@mon.gov.mk\">nasir.abazi@mon.gov.mk<\/a><\/p>\n    <\/div>\n\n<div class=\"employee-card\">\n      <h3>\u0411\u0438\u0441\u0435\u0440\u0430 \u041f\u0435\u043f\u0438\u045c-\u0424\u0430\u043a\u0438\u045c<\/h3>\n      <p>\u0421\u043e\u0432\u0435\u0442\u043d\u0438\u043a \u0437\u0430 \u0430\u043d\u0430\u043b\u0438\u0437\u0430 \u043d\u0430 \u043f\u043e\u0434\u0430\u0442\u043e\u0446\u0438 \u0437\u0430 \u0443\u0447\u0435\u0431\u043d\u0438\u0446\u0438<\/p>\n      <p><a href=\"mailto:bisera.pepik@mon.gov.mk\">bisera.pepik@mon.gov.mk<\/a><\/p>\n    <\/div>\n\n<div class=\"employee-card\">\n      <h3>Arif Elezi<\/h3>\n      <p>K\u00ebshilltar p\u00ebr zbatimin e procedur\u00ebs p\u00ebr miratimin e teksteve shkollore<\/p>\n      <p><a href=\"mailto:arif.elezi@mon.gov.mk\">arif.elezi@mon.gov.mk<\/a><\/p>\n    <\/div>\n\n<div class=\"employee-card\">\n      <h3>Nezhat Nurkovi\u00e7<\/h3>\n      <p>K\u00ebshilltar p\u00ebr zbatimin e procedur\u00ebs p\u00ebr miratimin e teksteve shkollore<\/p>\n      <p><a href=\"mailto:nedjat.nurkovic@mon.gov.mk\">nedjat.nurkovic@mon.gov.mk<\/a><\/p>\n    <\/div>\n\n<div class=\"employee-card\">\n      <h3>Sav\u00e7e Zdravkovska<\/h3>\n      <p>Bashk\u00ebpun\u00ebtor i lart\u00eb p\u00ebr zbatimin e procedur\u00ebs p\u00ebr miratimin e teksteve shkollore <\/p>\n      <p><a href=\"mailto:savce.zdravkovska@mon.gov.mk\">savce.zdravkovska@mon.gov.mk<\/a><\/p>\n    <\/div>\n\n<div class=\"employee-card\">\n      <h3>Merita Iseni<\/h3>\n      <p>Bashk\u00ebpun\u00ebtor i ri p\u00ebr zbatimin e procedur\u00ebs p\u00ebr miratimin e teksteve shkollore <\/p>\n      <p><a href=\"mailto:merita.isein@mon.gov.mk\">merita.isein@mon.gov.mk<\/a><\/p>\n    <\/div>\n\n\n<div class=\"employee-card\">\n      <h3>Dimitar Dimeski<\/h3>\n      <p>Bashk\u00ebpun\u00ebtor i ri p\u00ebr analiz\u00ebn e t\u00eb dh\u00ebnave p\u00ebr tekstet shkollore<\/p>\n      <p><a href=\"mailto:dimitar.dimeski@mon.gov.mk\">dimitar.dimeski@mon.gov.mk<\/a><\/p>\n    <\/div>\n\n    <div class=\"employee-card\">\n      <h3>Anita Azeska<\/h3>\n      <p>Udh\u00ebheq\u00ebse e e departamentit p\u00ebr k\u00ebshillim t\u00eb prind\u00ebrve dhe nx\u00ebn\u00ebsve<\/p>\n      <p><a href=\"mailto:anita.azeska@mon.gov.mk\">anita.azeska@mon.gov.mk<\/a><\/p>\n    <\/div>\n\n  <\/div>\n\n<\/body>\n<\/html>","protected":false},"excerpt":{"rendered":"<p>\u0412\u0440\u0430\u0431\u043e\u0442\u0435\u043d\u0438 \u0420\u043e\u0431\u0435\u0440\u0442 \u0410\u045f\u0438\u043f\u0435\u0442\u0440\u043e\u0432 \u0414\u0438\u0440\u0435\u043a\u0442\u043e\u0440 robert.adzipetrov@mon.gov.mk \u0425\u0438\u043a\u043c\u0435\u0442\u0435 \u0421\u0435\u0459\u043c\u0430\u043d\u0438 \u0420\u0430\u043a\u043e\u0432\u043e\u0434\u0438\u0442\u0435\u043b \u043d\u0430 \u0441\u0435\u043a\u0442\u043e\u0440 \u0437\u0430 \u0443\u0447\u0435\u0431\u043d\u0438\u0446\u0438 \u0438 \u043f\u0435\u0434\u0430\u0433\u043e\u0448\u043a\u043e \u0441\u043e\u0432\u0435\u0442\u0443\u0432\u0430\u045a\u0435 hikmete.selmani@mon.gov.mk \u0410\u043d\u0434\u0440\u0435\u0430 \u0408\u0430\u043d\u043a\u043e\u0432\u0441\u043a\u0438 \u041f\u043e\u043c\u043e\u0448\u043d\u0438\u043a \u0440\u0430\u043a\u043e\u0432\u043e\u0434\u0438\u0442\u0435\u043b \u043d\u0430 \u0441\u0435\u043a\u0442\u043e\u0440 \u0437\u0430 \u0443\u0447\u0435\u0431\u043d\u0438\u0446\u0438 \u0438 \u043f\u0435\u0434\u0430\u0433\u043e\u0448\u043a\u043e \u0441\u043e\u0432\u0435\u0442\u0443\u0432\u0430\u045a\u0435 andrea.jankovski@mon.gov.mk \u0417\u043e\u0440\u0430\u043d \u0428\u0442\u0435\u0440\u0458\u043e\u0432\u0441\u043a\u0438 \u0420\u0430\u043a\u043e\u0432\u043e\u0434\u0438\u0442\u0435\u043b \u043d\u0430 \u043e\u0434\u0434\u0435\u043b\u0435\u043d\u0438\u0435 zoran.sterjovski@mon.gov.mk \u0412\u0438\u043e\u043b\u0435\u0442\u0430 \u041a\u043e\u0441\u0442\u043e\u0432\u0441\u043a\u0430 \u0420\u0430\u043a\u043e\u0432\u043e\u0434\u0438\u0442\u0435\u043b \u043d\u0430 \u043e\u0434\u0434\u0435\u043b\u0435\u043d\u0438\u0435 \u0437\u0430 \u043e\u0434\u043e\u0431\u0440\u0443\u0432\u0430\u045a\u0435 \u043d\u0430 \u0443\u0447\u0435\u0431\u043d\u0438\u0446\u0438 violeta.kostovska@mon.gov.mk \u041d\u0430\u0442\u0430\u0448\u0430 \u0421\u0442\u043e\u0458\u0430\u043d\u043e\u0432\u0438\u045c-\u0422\u043e\u0441\u043a\u043e\u0441\u043a\u0430 \u0420\u0430\u043a\u043e\u0432\u043e\u0434\u0438\u0442\u0435\u043b \u043d\u0430 \u043e\u0434\u0434\u0435\u043b\u0435\u043d\u0438\u0435 \u0437\u0430 \u0438\u0437\u0434\u0430\u0432\u0430\u045a\u0435 \u0438 \u043d\u0430\u0431\u0430\u0432\u043a\u0430 \u043d\u0430 \u0443\u0447\u0435\u0431\u043d\u0438\u0446\u0438 [&hellip;]<\/p>","protected":false},"author":5,"featured_media":0,"parent":0,"menu_order":0,"comment_status":"closed","ping_status":"closed","template":"","meta":{"footnotes":""},"class_list":["post-936","page","type-page","status-publish","hentry"],"_links":{"self":[{"href":"https:\/\/pedagoshka.mon.gov.mk\/sq\/wp-json\/wp\/v2\/pages\/936","targetHints":{"allow":["GET"]}}],"collection":[{"href":"https:\/\/pedagoshka.mon.gov.mk\/sq\/wp-json\/wp\/v2\/pages"}],"about":[{"href":"https:\/\/pedagoshka.mon.gov.mk\/sq\/wp-json\/wp\/v2\/types\/page"}],"author":[{"embeddable":true,"href":"https:\/\/pedagoshka.mon.gov.mk\/sq\/wp-json\/wp\/v2\/users\/5"}],"replies":[{"embeddable":true,"href":"https:\/\/pedagoshka.mon.gov.mk\/sq\/wp-json\/wp\/v2\/comments?post=936"}],"version-history":[{"count":12,"href":"https:\/\/pedagoshka.mon.gov.mk\/sq\/wp-json\/wp\/v2\/pages\/936\/revisions"}],"predecessor-version":[{"id":1490,"href":"https:\/\/pedagoshka.mon.gov.mk\/sq\/wp-json\/wp\/v2\/pages\/936\/revisions\/1490"}],"wp:attachment":[{"href":"https:\/\/pedagoshka.mon.gov.mk\/sq\/wp-json\/wp\/v2\/media?parent=936"}],"curies":[{"name":"wp","href":"https:\/\/api.w.org\/{rel}","templated":true}]}}